{"id":93,"date":"2021-06-23T19:56:38","date_gmt":"2021-06-23T19:56:38","guid":{"rendered":"https:\/\/gabriela-morschett.de\/wp-morschett\/?page_id=93"},"modified":"2026-02-23T10:57:44","modified_gmt":"2026-02-23T10:57:44","slug":"ausstellungen","status":"publish","type":"page","link":"https:\/\/gabriela-morschett.de\/wp-morschett\/ausstellungen\/","title":{"rendered":"Ausstellungen"},"content":{"rendered":"<p>[et_pb_section fb_built=&#8220;1&#8243; _builder_version=&#8220;4.16&#8243; _module_preset=&#8220;default&#8220; width=&#8220;100%&#8220; custom_padding=&#8220;|||0px||&#8220; global_colors_info=&#8220;{}&#8220;][et_pb_row column_structure=&#8220;1_3,2_3&#8243; _builder_version=&#8220;4.16&#8243; _module_preset=&#8220;default&#8220; global_colors_info=&#8220;{}&#8220;][et_pb_column type=&#8220;1_3&#8243; _builder_version=&#8220;4.16&#8243; _module_preset=&#8220;default&#8220; global_colors_info=&#8220;{}&#8220;][et_pb_text _builder_version=&#8220;4.16&#8243; _module_preset=&#8220;default&#8220; global_colors_info=&#8220;{}&#8220;]<\/p>\n<h2>Einzelausstellungen<\/h2>\n<p>(Auswahl)<\/p>\n<p>[\/et_pb_text][\/et_pb_column][et_pb_column type=&#8220;2_3&#8243; _builder_version=&#8220;4.16&#8243; _module_preset=&#8220;default&#8220; global_colors_info=&#8220;{}&#8220;][et_pb_text _builder_version=&#8220;4.27.5&#8243; _module_preset=&#8220;default&#8220; text_font_size=&#8220;16px&#8220; hover_enabled=&#8220;0&#8243; global_colors_info=&#8220;{}&#8220; sticky_enabled=&#8220;0&#8243;]<\/p>\n<p>2025 <br \/><em>Denken<\/em>, Markgr\u00e4fler Museum M\u00fcllheim (K)<\/p>\n<p>2024 <br \/><em>Gedankenwelt<\/em>, Kunstverein Das Damianstor Bruchsal e.V., Bruchsal<\/p>\n<p>2022<br \/><em>Die Linie\u00a0 f\u00fchrt, <\/em>Kunstkreis Radbrunnen, Breisach<\/p>\n<p>2021<br \/><em>Dynamik der Linie<\/em>, Ernst-Lange-Haus, Freiburg i.Br.<\/p>\n<p>2019<br \/><em>Zeichnungen<\/em>, ART FORUM Ute Barth, Z\u00fcrich<br \/><em>Am Anfang war die Linie<\/em>, Universit\u00e4ts-Herzklinik, Bad Krozingen<br \/><em>Innenr\u00e4ume-Aussenr\u00e4ume<\/em>, (mit Nils Tofarn) Galerie Stahlberger, Weil a.Rh.<\/p>\n<p>2018<br \/>Art Karlsruhe, one artist show bei Galerie Stahlberger<\/p>\n<p>2017<br \/><em>Drahtskulpturen und Arbeiten auf Papier<\/em>, Galerie Ursula Grashey, Konstanz<br \/><em>Form aus dem Formlosen<\/em>, Radierung, Zeichnung, Galerie SoGung, Basel<br \/><em>Gabriela Morschett, Skulptur<\/em>, depot.K., Freiburg i.Br. (mit Kathrin W\u00e4chter)<\/p>\n<p>2016<br \/><em>Linienzeichen<\/em>, Galerie Stahlberger, Weil a. Rhein (mit Matthias Kohlmann)<\/p>\n<p>2015<br \/><em>Unendlich<\/em>, Markgr\u00e4fler Museum M\u00fcllheim, (K)<\/p>\n<p>2013<br \/><em>Zeichnung und Radierung<\/em>, Morat-Institut f\u00fcr Kunst und Kunstwissenschaft, Freiburg (K)<\/p>\n<p>2012<br \/><em>Drahtskulpturen, Radierungen, Zeichnungen<\/em>, Galerie Grashey,, Konstanz<br \/><em>Denkprozesse<\/em>, GeorgScholzHaus Kunstforum, Waldkirch<br \/><em>Zeichensprache<\/em>, Kunstforum Merdingen<br \/><em>Zeichnungen<\/em>, Galerie Mollwo, Riehen\/ Schweiz<\/p>\n<p>2010<br \/><em>Linksschreiben<\/em>, Kunstforum Hochschwarzwald e.V., Neustadt<\/p>\n<p>2009<br \/><em>Koh\u00e4renz<\/em>, Universit\u00e4ts-Herzzentrum, Bad Krozingen<\/p>\n<p>2006<br \/><em>Im Spannungsfeld der Linie<\/em>, Galerie Mollwo, Riehen\/ Schweiz<\/p>\n<p>2004<br \/>Kulturkreis Denzlingen<br \/>Projekt <em>Altarbild<\/em>, Jacobuskirche, Hinterzarten<\/p>\n<p>2002<br \/>Galerie nota bene, Genf, Schweiz<\/p>\n<p>2001<br \/><em>Lineatur<\/em>, Kunstforum Merdingen<\/p>\n<p>1998<br \/><em>Badische Revolution 1848\/49,<\/em> Markgr\u00e4fler Museum M\u00fcllheim<\/p>\n<p>1995<br \/><em>Formung und Angleichung<\/em>, St\u00e4dt. Galerie Martinskirche, M\u00fcllheim<\/p>\n<p>1993<br \/><em>Verleihung des Kunstf\u00f6rderpreise<\/em>s, St\u00e4dt. Galerie Martinskirche, M\u00fcllheim<\/p>\n<p>[\/et_pb_text][\/et_pb_column][\/et_pb_row][et_pb_row column_structure=&#8220;1_3,2_3&#8243; _builder_version=&#8220;4.16&#8243; _module_preset=&#8220;default&#8220; global_colors_info=&#8220;{}&#8220;][et_pb_column type=&#8220;1_3&#8243; _builder_version=&#8220;4.16&#8243; _module_preset=&#8220;default&#8220; global_colors_info=&#8220;{}&#8220;][et_pb_text _builder_version=&#8220;4.16&#8243; _module_preset=&#8220;default&#8220; global_colors_info=&#8220;{}&#8220;]<\/p>\n<h2>Ausstellungsbeteiligungen<\/h2>\n<p>(Auswahl)<\/p>\n<p>[\/et_pb_text][\/et_pb_column][et_pb_column type=&#8220;2_3&#8243; _builder_version=&#8220;4.16&#8243; _module_preset=&#8220;default&#8220; global_colors_info=&#8220;{}&#8220;][et_pb_text _builder_version=&#8220;4.27.5&#8243; _module_preset=&#8220;default&#8220; text_font_size=&#8220;16px&#8220; hover_enabled=&#8220;0&#8243; global_colors_info=&#8220;{}&#8220; sticky_enabled=&#8220;0&#8243;]<\/p>\n<p>2025<br \/>Galerie Uli Lang, Traube Tonbach, Baiersbronn<\/p>\n<p>2024<br \/><em>Works on paper<\/em>, Art Forum Ute Barth<\/p>\n<p>2023<br \/><em>WINTER Group Show<\/em>, ART FORUM Ute Barth, Z\u00fcrich<br \/>Art Salon Z\u00fcrich, Stand: ART FORUM Ute Barth<br \/><em>NOW\u00a0 AND THEN\u00a0 Druckgrafik, <\/em>ART FORUM Ute Barth, Z\u00fcrich<br \/><em>Druckkunst 2023, <\/em>BBK\u00a0 Oberbayern Nord &amp; Ingolstadt e.V. , Ingolstadt\u00a0 (K)<\/p>\n<p>2022<br \/><em>Linien, <\/em>Dreil\u00e4ndermuseum, L\u00f6rrach<br \/>Haueisen-Kunstpreis 2022, Jockgrim<\/p>\n<p>2020<br \/><em>30&#215;30<\/em>, Merdinger Kunstforum, Merdingen<br \/><em>Lems Kosmos<\/em>, KUNSTPOOL. Galerie am Ehinger Tor, Ulm<br \/><em>Summer Group Show<\/em>, ART FORUM Ute Barth, Z\u00fcrich<\/p>\n<p><em>Contemporary Meets Masters<\/em>, ART FORUM Ute Barth, Z\u00fcrich<br \/><em>Nature Art Cube<\/em>, Geumgang Nature Art Biennale 2020, Republik of Korea<\/p>\n<p>2017<br \/>23. Karlsruher K\u00fcnstlermesse, Regierungspr\u00e4sidium Karlsruhe (K)<br \/><em>Grafik<\/em>, Kunstverein March<br \/>23. Karlsruher K\u00fcnstlermesse 2017, Regierungspr\u00e4sidium Karlsruhe (K)<br \/><em>Wertpapiere<\/em>, Galerie Ursula Grashey, Konstanz<br \/><em>K\u00fcnstler der Galerie<\/em>, Galerie Angela Lenz, Feldberg-Falkau<\/p>\n<p>2016<br \/>Art Karlsruhe, Galerie Stahlberger, Weil a. Rh.<\/p>\n<p>2015<br \/>Art Karlsruhe, Galerie Stahlberger, Weil a.Rh.<br \/><em>L&#8217;archeologia e il vesuvio<\/em>, Palazzo de Fusco, Pompei\/ Italien (K)<br \/>Galerie Angela Lenz, Falkau<br \/><em>Barock heute<\/em>, Merdinger Kunstforum<\/p>\n<p>2014<br \/><em>Sonderedition 2014<\/em>, Verein f. Original-Radierung M\u00fcnchen e.V., (K)<br \/><em>Papierkunst<\/em>, Galerie Grashey, Konstanz<\/p>\n<p>2013<br \/><em>Territorium und Gesellschaft<\/em>, \u201e40 Jahre Landkreis Breisgau-Hochschwarzwald 2013\u201c,<br \/>Landratsamt Freiburg i.Br.<\/p>\n<p>2011<br \/><em>K\u00fcnstlerzeichnung<\/em>, Kunstsalon 2011, Haus der Kunst, M\u00fcnchen (K)<\/p>\n<p>2010<br \/><em>Zeichnung\/Druckgrafik<\/em>, Landratsamt, Freiburg i.Br.<\/p>\n<p>2009<br \/><em>Wahrheit<\/em>, Badisches Kunstforum, Ebringen<\/p>\n<p>2008<br \/><em>Gottesraum<\/em>, Kunstpreis der Erzdi\u00f6zese Freiburg,<br \/>Regierungspr\u00e4sidium Karlsruhe \/ Morat-Institut Freiburg \/ Kloster Hegne, (K)<\/p>\n<p>2007<br \/><em>Geumgang Nature Art Pre-Biennale<\/em> 2007, National Museum Gongju, South-Korea (K)<br \/>Haueisen-Kunstpreis 2007, Jockgrim<br \/><em>wei\u00df UND schwarz<\/em>, Museum Schlo\u00df Schwarzenberg , (K)<\/p>\n<p>2006<br \/>V. Int. Biennale f\u00fcr Zeichnung, Museum Westb\u00f6hmen, Pilsen\/Tschechien<br \/>Kunstforum Blickachse 06, Schlosspark Worms (K)<br \/><em>Markgr\u00e4flerland-K\u00fcnstlerland<\/em>, Galerie Altes Rathaus, Inzlingen (mit W. Berges u. E. Endres)<br \/><em>Preistr\u00e4ger Biennale f\u00fcr Zeichnung 2004<\/em>, Sala Manzu, Bergamo\/Italien<br \/><em>Preistr\u00e4ger Biennale f\u00fcr Zeichnung 2004<\/em>, Tschech. Zentrum, Br\u00fcssel\/Belgien<\/p>\n<p>2005<br \/><em>Markgr\u00e4flerland-K\u00fcnstlerland<\/em>, St\u00e4dt. Galerie Stapflehus, Weil a. Rhein<br \/><em>Preistr\u00e4ger Biennale f\u00fcr Zeichnung 2004<\/em>, Tschech. Zentrum, Warschau\/Polen<br \/><em>Preistr\u00e4ger Biennale f\u00fcr Zeichnung 2004<\/em>, Gal\u00e9ria K\u00f6rmendi, Budapest \/Ungarn<\/p>\n<p>2004<br \/>IV. Intern. Biennale f\u00fcr Zeichnung, Museum Westb\u00f6hmen, Pilsen\/Tschechien (K)<\/p>\n<p>2002<br \/><em>Drei K\u00fcnstler-drei R\u00e4ume<\/em>, Galerie Grashey, Konstanz, (mit J. Rave und G. Walter)<br \/>Kunstforum Blickachse, Worms (K) \u2219<br \/><em>Bewegung im Raum<\/em>, Stiftung Bernd Rosenheim, Elfenbeinmuseum Erbach (K)<\/p>\n<p>2001<br \/><em>Zeichnung<\/em>, St\u00e4dt. Galerie Schwarzes Kloster, Freiburg i.Br.<br \/><em>\u00dcber die Zeit<\/em>, St\u00e4dt. Galerie Martinskirche, M\u00fcllheim<\/p>\n<p>2000<br \/><em>Zeit<\/em>, XV. Intern. Triennale f\u00fcr Originalgrafik, Grenchen, Schweiz (K)<\/p>\n<p>1998<br \/><em>Kommunikation<\/em>, Kulturkreis Grafenau e.V.\/Schlo\u00df D\u00e4tzingen,<\/p>\n<p>1997<br \/><em>K\u00fcnstler aus Baden<\/em>, Mus\u00e9e Jenisch, Vevey, Schweiz<br \/>XII. KunstMesse, Frauenmuseum Bonn (K)<\/p>\n<p>1991<br \/><em>10x10x10<\/em>, Kunsthaus Wiesbaden, (K)<\/p>\n<p>&nbsp;<\/p>\n<p>&nbsp;<\/p>\n<p>[\/et_pb_text][\/et_pb_column][\/et_pb_row][\/et_pb_section]<\/p>\n","protected":false},"excerpt":{"rendered":"<p>Einzelausstellungen (Auswahl)2025 Denken, Markgr\u00e4fler Museum M\u00fcllheim (K) 2024 Gedankenwelt, Kunstverein Das Damianstor Bruchsal e.V., Bruchsal 2022Die Linie\u00a0 f\u00fchrt, Kunstkreis Radbrunnen, Breisach 2021Dynamik der Linie, Ernst-Lange-Haus, Freiburg i.Br. 2019Zeichnungen, ART FORUM Ute Barth, Z\u00fcrichAm Anfang war die Linie, Universit\u00e4ts-Herzklinik, Bad KrozingenInnenr\u00e4ume-Aussenr\u00e4ume, (mit Nils Tofarn) Galerie Stahlberger, Weil a.Rh. 2018Art Karlsruhe, one artist show bei Galerie Stahlberger [&hellip;]<\/p>\n","protected":false},"author":1,"featured_media":0,"parent":0,"menu_order":0,"comment_status":"closed","ping_status":"closed","template":"","meta":{"_et_pb_use_builder":"on","_et_pb_old_content":"","_et_gb_content_width":"","footnotes":""},"class_list":["post-93","page","type-page","status-publish","hentry"],"_links":{"self":[{"href":"https:\/\/gabriela-morschett.de\/wp-morschett\/wp-json\/wp\/v2\/pages\/93","targetHints":{"allow":["GET"]}}],"collection":[{"href":"https:\/\/gabriela-morschett.de\/wp-morschett\/wp-json\/wp\/v2\/pages"}],"about":[{"href":"https:\/\/gabriela-morschett.de\/wp-morschett\/wp-json\/wp\/v2\/types\/page"}],"author":[{"embeddable":true,"href":"https:\/\/gabriela-morschett.de\/wp-morschett\/wp-json\/wp\/v2\/users\/1"}],"replies":[{"embeddable":true,"href":"https:\/\/gabriela-morschett.de\/wp-morschett\/wp-json\/wp\/v2\/comments?post=93"}],"version-history":[{"count":22,"href":"https:\/\/gabriela-morschett.de\/wp-morschett\/wp-json\/wp\/v2\/pages\/93\/revisions"}],"predecessor-version":[{"id":235,"href":"https:\/\/gabriela-morschett.de\/wp-morschett\/wp-json\/wp\/v2\/pages\/93\/revisions\/235"}],"wp:attachment":[{"href":"https:\/\/gabriela-morschett.de\/wp-morschett\/wp-json\/wp\/v2\/media?parent=93"}],"curies":[{"name":"wp","href":"https:\/\/api.w.org\/{rel}","templated":true}]}}