{"id":87,"date":"2021-06-23T19:32:11","date_gmt":"2021-06-23T19:32:11","guid":{"rendered":"https:\/\/gabriela-morschett.de\/wp-morschett\/?page_id=87"},"modified":"2025-10-16T08:15:05","modified_gmt":"2025-10-16T08:15:05","slug":"aktuell","status":"publish","type":"page","link":"https:\/\/gabriela-morschett.de\/wp-morschett\/aktuell\/","title":{"rendered":"Aktuell"},"content":{"rendered":"<p>[et_pb_section fb_built=&#8220;1&#8243; _builder_version=&#8220;4.16&#8243; _module_preset=&#8220;default&#8220; global_colors_info=&#8220;{}&#8220;][et_pb_row column_structure=&#8220;1_3,2_3&#8243; _builder_version=&#8220;4.16&#8243; _module_preset=&#8220;default&#8220; global_colors_info=&#8220;{}&#8220;][et_pb_column type=&#8220;1_3&#8243; _builder_version=&#8220;4.16&#8243; _module_preset=&#8220;default&#8220; global_colors_info=&#8220;{}&#8220;][et_pb_text _builder_version=&#8220;4.16&#8243; _module_preset=&#8220;default&#8220; global_colors_info=&#8220;{}&#8220;]<\/p>\n<h2>Aktuell<\/h2>\n<p>[\/et_pb_text][\/et_pb_column][et_pb_column type=&#8220;2_3&#8243; _builder_version=&#8220;4.16&#8243; _module_preset=&#8220;default&#8220; global_colors_info=&#8220;{}&#8220;][et_pb_text _builder_version=&#8220;4.21.0&#8243; _module_preset=&#8220;default&#8220; text_font_size=&#8220;16px&#8220; text_line_height=&#8220;2.4em&#8220; hover_enabled=&#8220;0&#8243; global_colors_info=&#8220;{}&#8220; sticky_enabled=&#8220;0&#8243;]<\/p>\n<p><strong>Gabriela Morschett: Denken<\/strong><\/p>\n<p>Ausstellung anl\u00e4\u00dflich der Verleihung des Markgr\u00e4fler Kunstpreises 2025 <br \/>der Stiftung der Sparkasse Markgr\u00e4flerland zur F\u00f6rderung von Kunst und Kultur<br \/>13.11.2025 &#8211; 01.02.2026<\/p>\n<p>Markgr\u00e4fler Museum M\u00fcllheim, Wilhelmstr. 7, 79379 M\u00fcllheim i. Markgr\u00e4flerland<br \/>Mittwoch &#8211; Samstag 14 &#8211; 18 Uhr \/ Sonntag 11 &#8211; 18 Uhr<\/p>\n<p>F\u00fchrungen mit Gabriela Morschett und Dr. Heike Piehler:<br \/>Sonntag, 07.12.2025, 11:15 Uhr<br \/>Sonntag, 01.02.2026, 16:00 Uhr<\/p>\n<p>K\u00fcnstlergespr\u00e4ch mit Gabriela Morschett, Andreas Wei\u00df und Dr. Heike Piehler:<br \/>Sonntag, 18.01.2026<\/p>\n<p><a href=\"https:\/\/markgraefler-museum.de\" target=\"_blank\" rel=\"noopener\">www.markgraefler-museum.de<\/a><\/p>\n<p>[\/et_pb_text][\/et_pb_column][\/et_pb_row][\/et_pb_section]<\/p>\n","protected":false},"excerpt":{"rendered":"<p>AktuellGabriela Morschett: Denken Ausstellung anl\u00e4\u00dflich der Verleihung des Markgr\u00e4fler Kunstpreises 2025 der Stiftung der Sparkasse Markgr\u00e4flerland zur F\u00f6rderung von Kunst und Kultur13.11.2025 &#8211; 01.02.2026 Markgr\u00e4fler Museum M\u00fcllheim, Wilhelmstr. 7, 79379 M\u00fcllheim i. Markgr\u00e4flerlandMittwoch &#8211; Samstag 14 &#8211; 18 Uhr \/ Sonntag 11 &#8211; 18 Uhr F\u00fchrungen mit Gabriela Morschett und Dr. Heike Piehler:Sonntag, 07.12.2025, 11:15 [&hellip;]<\/p>\n","protected":false},"author":1,"featured_media":0,"parent":0,"menu_order":0,"comment_status":"closed","ping_status":"closed","template":"","meta":{"_et_pb_use_builder":"on","_et_pb_old_content":"","_et_gb_content_width":"","footnotes":""},"class_list":["post-87","page","type-page","status-publish","hentry"],"_links":{"self":[{"href":"https:\/\/gabriela-morschett.de\/wp-morschett\/wp-json\/wp\/v2\/pages\/87","targetHints":{"allow":["GET"]}}],"collection":[{"href":"https:\/\/gabriela-morschett.de\/wp-morschett\/wp-json\/wp\/v2\/pages"}],"about":[{"href":"https:\/\/gabriela-morschett.de\/wp-morschett\/wp-json\/wp\/v2\/types\/page"}],"author":[{"embeddable":true,"href":"https:\/\/gabriela-morschett.de\/wp-morschett\/wp-json\/wp\/v2\/users\/1"}],"replies":[{"embeddable":true,"href":"https:\/\/gabriela-morschett.de\/wp-morschett\/wp-json\/wp\/v2\/comments?post=87"}],"version-history":[{"count":17,"href":"https:\/\/gabriela-morschett.de\/wp-morschett\/wp-json\/wp\/v2\/pages\/87\/revisions"}],"predecessor-version":[{"id":227,"href":"https:\/\/gabriela-morschett.de\/wp-morschett\/wp-json\/wp\/v2\/pages\/87\/revisions\/227"}],"wp:attachment":[{"href":"https:\/\/gabriela-morschett.de\/wp-morschett\/wp-json\/wp\/v2\/media?parent=87"}],"curies":[{"name":"wp","href":"https:\/\/api.w.org\/{rel}","templated":true}]}}