{"id":107,"date":"2021-06-28T11:07:59","date_gmt":"2021-06-28T11:07:59","guid":{"rendered":"https:\/\/gabriela-morschett.de\/wp-morschett\/?page_id=107"},"modified":"2026-02-23T10:42:37","modified_gmt":"2026-02-23T10:42:37","slug":"bibliografie","status":"publish","type":"page","link":"https:\/\/gabriela-morschett.de\/wp-morschett\/bibliografie\/","title":{"rendered":"Bibliografie"},"content":{"rendered":"<p>[et_pb_section fb_built=&#8220;1&#8243; _builder_version=&#8220;4.16&#8243; _module_preset=&#8220;default&#8220; global_colors_info=&#8220;{}&#8220;][et_pb_row column_structure=&#8220;1_3,2_3&#8243; _builder_version=&#8220;4.21.0&#8243; _module_preset=&#8220;default&#8220; global_colors_info=&#8220;{}&#8220;][et_pb_column type=&#8220;1_3&#8243; _builder_version=&#8220;4.16&#8243; _module_preset=&#8220;default&#8220; global_colors_info=&#8220;{}&#8220;][et_pb_text _builder_version=&#8220;4.16&#8243; _module_preset=&#8220;default&#8220; global_colors_info=&#8220;{}&#8220;]<\/p>\n<h2>Bibliografie<\/h2>\n<p>[\/et_pb_text][\/et_pb_column][et_pb_column type=&#8220;2_3&#8243; _builder_version=&#8220;4.16&#8243; _module_preset=&#8220;default&#8220; global_colors_info=&#8220;{}&#8220;][et_pb_text _builder_version=&#8220;4.27.5&#8243; _module_preset=&#8220;default&#8220; text_font_size=&#8220;16px&#8220; hover_enabled=&#8220;0&#8243; global_colors_info=&#8220;{}&#8220; sticky_enabled=&#8220;0&#8243;]<\/p>\n<p>2025<br \/><em>Gabriela Morschett:<\/em> Denken, Katalog zur gleichnamigen Ausstellung im<br \/>Markgr\u00e4fler Museum M\u00fcllheim 12.11.25 &#8211; 01.02.26, Hrsg.: Gabriela Morschett,<br \/>Text: Volker Bauermeister, Frankfurt a. M. 2025<\/p>\n<p>2023<br \/><em>Druckkunst 2023,<\/em> St\u00e4dt. Galerie in der Harderbastei Ingolstadt, 25.02 \u2013 19.03.2023,<br \/>BBK Oberbayern Nord &amp; Ingolstadt e.V. (Hrsg.), Ausstellungskatalog S. 24, 1 Seite, 3 Abbildungen,<br \/>Text: Susanne Pohl<\/p>\n<p>2018<br \/>Art Karlsruhe, one artist Katalog S. 195<\/p>\n<p>2017<br \/>23. Karlsruher K\u00fcnstlermesse, Regierungspr\u00e4sidium Karlsruhe, 28.-30.04.2017,<br \/>Stadt Karlsruhe Kulturamt, BBK Karlsruhe e.V. (Hrsg.), Begleitkatalog S. 42 + 43, 1 Abbildung<\/p>\n<p>2015<br \/>Gabriela Morschett, <em>Unendlich<\/em>, Zeichnungen, Radierungen, Skulpturen<br \/>Markgr\u00e4fler Museum M\u00fcllheim (Hrsg), 14.06. &#8211; 13.09.2015<br \/>Texte: Jan Merk, Clemens Ottnad, Nikolaus Cybinski, <br \/>modo-Verlag, Freiburg i.Br.,<\/p>\n<p>2013<br \/>Gabriela Morschett, <em>Radierungen 2008 \u2013 2013<\/em>, 01.09. &#8211; 05.10.2013,<br \/>Morat-Institut f\u00fcr Kunst und Kunstwissenschaft ( Hrsg.)Freiburg i.Br.,<br \/>Text: Silvana Gebhart<br \/>Burger Druck GmbH, Waldkirch-Kollnau<\/p>\n<p>2011<br \/>Kunstsalon 2011, <em>Schwerpunkt K\u00fcnstlerzeichnung<\/em>, Haus der Kunst M\u00fcnchen, 04.09.-08.10.2011,<br \/>Freie M\u00fcnchner und Deutsche K\u00fcnstlerschaft e.V. M\u00fcnchen (Hrsg.), Ausstellungskatalog S. 70, <br \/>1 Abbildung<\/p>\n<p>2008<br \/><em>GottesRaum. Kunstpreis der Erzdi\u00f6zese Freiburg<\/em>, Regierungspr\u00e4sidium Karlsruhe, Morat-Institut f\u00fcr Kunst und Kunstwissenschaft, Freiburg i.Br., Kloster Hegne, 16.09.08 \u2013 25.01.09, <br \/>Prof.Dr. Rainer Warland (Hrsg.), Ausstellungskatalog S. 62-63, 1 Abbildung,<br \/>Texte: Prof.Dr. Paul Wehrle, Freiburg; MMag. Dr. Johannes Rauchenberger, Graz; <br \/>Prof. Dr. Rainer Warland, Freiburg<\/p>\n<p><em>Markgr\u00e4fler Kulturf\u00fchrer<\/em>, Ausgabe 2008, Katalog S. 214 + 215, Hrsg.: Kulturverlag ART + WEISE,<br \/>Peter Martens, Schliengen<\/p>\n<p>2007<br \/>Kunstpreis art figura der Stadt Schwarzenberg, <em>weiss und schwarz<\/em>, <br \/>Museum Schlo\u00df Schwarzenberg, 09.06. &#8211; 22.07.2007, Austellungskatalog S. 66 , 1 Abbildung<br \/>Stadtverwaltung der Stadt Schwarzenberg\/Erzgeb. (Hrsg.)<br \/>Texte: Heidrun Hiemer, Hans Perry, Anna Franziska Schwarzenbach<br \/>Druck und Verlag Rockstroh, Schwarzenberg-Aue<\/p>\n<p>&nbsp;<\/p>\n<p><em>Geumgang Nature Art Pre-Biennale<\/em>, Nature Art Park Yeonmi-san, Sept. 2007, S. 51, 1 Abbildung,<br \/>The Organizational Committee of the Geumgang Biennale (Hrsg.),<br \/>Texte: Ko, Seung-hyun, Lee, Jun-won, Anke Mellin<\/p>\n<p>2006<br \/><em>Markgr\u00e4fler Kunstpreistr\u00e4ger 1991 \u2013 2005<\/em>, Gro\u00dfherzogliches Palais, Badenweiler, <br \/>Sparkasse Markgr\u00e4flerland (Hrsg.), Ausstellungskatalog S. 16-17, 2 Abbildungen,<br \/>Texte: Wolfgang Dietz, K.-Eugen Engler, Georg Belle, Prof.Dr. Hans H. Hofst\u00e4tter<\/p>\n<p><em>Blickachse 2006<\/em>, 10 Jahre Kunst im Herrnheimer Schlosspark 1996 \u2013 2006, <br \/>Herrnsheimer Schlo\u00dfpark, Ausstellungskatalog S. 58, 1 Abbildung, <br \/>Texte: Dr. Justus Jonas, Carolin Bollinger<\/p>\n<p>2005<br \/><em>Markgr\u00e4flerland \u2013 K\u00fcnstlerland<\/em>, St\u00e4dt. Galerie Stapflehus Weil a. Rh., S. 124-127,<br \/>Kulturverlag ART + WEISE, Kulturamt Weil a. Rhein, Markgr\u00e4fler Museum M\u00fcllheim\/Baden (Hrsg.),<br \/>Texte: Stefan Tolksdorf, u. a.; Kulturverlag ART+WEISE, Schliengen, ISBN 3-00-016979-2<\/p>\n<p>2004<br \/>IV: <em>International Biennal of Drawing<\/em>, Museum of West Bohemia in Pilsen, 21.10. &#8211; 13.11.2004,<br \/>The Union of Visual Artistis of Pilsen, Area und Gallery of West Bohemia Pilsen (Hrsg.),, 1 Seite,<br \/>1 Abbildung, Text: Werner Schaub, President of IAA<br \/>ISBN 80-86415-31-7<\/p>\n<p>2002<br \/><em>Bewegung im Raum<\/em>, Kunstpreis 2002, Deutsches Elfenbeinmuseum Erbach, 24.11.02 \u2013 26.01.2003,<br \/>Bernd-Rosenheim-Stiftung (Hrsg.), Ausstellungskatalog S. 36, 1 Abbildung, Texte: Gabriela Morschett u.a., Buch-Offset-Druck, Erbach<\/p>\n<p>1999<br \/><em>Gabriela Morschett: Formung und Angleichung<\/em>, Hrsg.: Gabriela Morschett,<br \/>Text: Dr. Antje Lechleiter, Karlsruhe<\/p>\n<p>1997<br \/><em>Die XII. KunstMesse Bonn<\/em>, FrauenMuseum Bonn, Katalog S. 71 + 116, Hrsg.: FrauenMuseum-<br \/>Frauen formen ihre Stadt e.V.<\/p>\n<p>1991 <br \/><em>10x10x10 quadratisch eckig Kunst<\/em>, Kunsthaus Wiesbaden, Hrsg.: BBK Wiesbaden,<br \/>Kulturamt Wiesbaden, Hessisches Ministerium f\u00fcr Wissenschaft und Kultur, Katalog S. 218,<br \/>1 Abbildung, Text: Helmut Schulze<\/p>\n<p>[\/et_pb_text][\/et_pb_column][\/et_pb_row][\/et_pb_section]<\/p>\n","protected":false},"excerpt":{"rendered":"<p>Bibliografie2025Gabriela Morschett: Denken, Katalog zur gleichnamigen Ausstellung imMarkgr\u00e4fler Museum M\u00fcllheim 12.11.25 &#8211; 01.02.26, Hrsg.: Gabriela Morschett,Text: Volker Bauermeister, Frankfurt a. M. 2025 2023Druckkunst 2023, St\u00e4dt. Galerie in der Harderbastei Ingolstadt, 25.02 \u2013 19.03.2023,BBK Oberbayern Nord &amp; Ingolstadt e.V. (Hrsg.), Ausstellungskatalog S. 24, 1 Seite, 3 Abbildungen,Text: Susanne Pohl 2018Art Karlsruhe, one artist Katalog S. 195 [&hellip;]<\/p>\n","protected":false},"author":1,"featured_media":0,"parent":0,"menu_order":0,"comment_status":"closed","ping_status":"closed","template":"","meta":{"_et_pb_use_builder":"on","_et_pb_old_content":"","_et_gb_content_width":"","footnotes":""},"class_list":["post-107","page","type-page","status-publish","hentry"],"_links":{"self":[{"href":"https:\/\/gabriela-morschett.de\/wp-morschett\/wp-json\/wp\/v2\/pages\/107","targetHints":{"allow":["GET"]}}],"collection":[{"href":"https:\/\/gabriela-morschett.de\/wp-morschett\/wp-json\/wp\/v2\/pages"}],"about":[{"href":"https:\/\/gabriela-morschett.de\/wp-morschett\/wp-json\/wp\/v2\/types\/page"}],"author":[{"embeddable":true,"href":"https:\/\/gabriela-morschett.de\/wp-morschett\/wp-json\/wp\/v2\/users\/1"}],"replies":[{"embeddable":true,"href":"https:\/\/gabriela-morschett.de\/wp-morschett\/wp-json\/wp\/v2\/comments?post=107"}],"version-history":[{"count":15,"href":"https:\/\/gabriela-morschett.de\/wp-morschett\/wp-json\/wp\/v2\/pages\/107\/revisions"}],"predecessor-version":[{"id":234,"href":"https:\/\/gabriela-morschett.de\/wp-morschett\/wp-json\/wp\/v2\/pages\/107\/revisions\/234"}],"wp:attachment":[{"href":"https:\/\/gabriela-morschett.de\/wp-morschett\/wp-json\/wp\/v2\/media?parent=107"}],"curies":[{"name":"wp","href":"https:\/\/api.w.org\/{rel}","templated":true}]}}